{"id":683,"date":"2026-01-30T17:38:43","date_gmt":"2026-01-30T16:38:43","guid":{"rendered":"https:\/\/objectifsante.apsagir.com\/index.php\/produit\/creme-visage-50g\/"},"modified":"2026-01-30T17:45:01","modified_gmt":"2026-01-30T16:45:01","slug":"creme-visage-50g","status":"publish","type":"product","link":"https:\/\/objectifsante.apsagir.com\/index.php\/produit\/creme-visage-50g\/","title":{"rendered":"Cr\u00e8me Visage 50g"},"content":{"rendered":"<p><strong>Ingr\u00e9dients :<\/strong><\/p>\n<p><em>Aqua (Water), Diisopropyl Sebacate, Butyl Methoxydibenzoylmethane, Ethylhexyl Triazone,<\/em><br \/>\n<em>Caprylic\/Capric Triglyceride, Coco-Caprylate\/Caprate, Dicaprylyl Carbonate, Glycerin, Bis-<\/em><br \/>\n<em>Ethylhexyloxyphenol Methoxyphenyl Triazine, Silica, Diethylamino Hydroxybenzoyl Hexyl Benzoate,<\/em><br \/>\n<em>Diethylhexyl Butamido Triazone, Propanediol, Lauryl Glucoside, Cetearyl Alcohol, Potassium Cetyl<\/em><br \/>\n<em>Phosphate, Benzyl Alcohol, Polyglyceryl-2 Dipolyhydroxystearate, Polyacrylate Crosspolymer-6,<\/em><br \/>\n<em>Niacinamide, Tocopheryl Acetate, Polyglyceryl-6 Laurate, Acacia Senegal Gum, 1,2-Hexanediol,<\/em><br \/>\n<em>Caprylyl Glycol, Xanthan Gum, Myristyl Glucoside, Parfum (Fragrance), Xylitylglucoside,<\/em><br \/>\n<em>Anhydroxylitol, Aloe Barbadensis Leaf Extract, Ethylhexylglycerin, Xylitol, Trisodium<\/em><br \/>\n<em>Ethylenediamine Disuccinate, Citric Acid, Tocopherol.<\/em><\/p>\n<p><strong>Note Yuka:<\/strong> 83\/100 Bon \u00e0 Excellent AVC NOTRE PARFUM Ibiza sans allerg\u00e8nes<br \/>\nPourcentage d\u2019origine naturelle avec filtres : au moins sup\u00e9rieur ou \u00e9gal \u00e0 70%<\/p>\n<p>&nbsp;<\/p>\n","protected":false},"excerpt":{"rendered":"<p>Ingr\u00e9dients : Aqua (Water), Diisopropyl Sebacate, Butyl Methoxydibenzoylmethane, Ethylhexyl Triazone, Caprylic\/Capric Triglyceride, Coco-Caprylate\/Caprate, Dicaprylyl Carbonate, Glycerin, Bis- Ethylhexyloxyphenol Methoxyphenyl Triazine, Silica, Diethylamino Hydroxybenzoyl Hexyl Benzoate, Diethylhexyl Butamido Triazone, Propanediol, Lauryl Glucoside, Cetearyl Alcohol, Potassium Cetyl Phosphate, Benzyl Alcohol, Polyglyceryl-2 Dipolyhydroxystearate, Polyacrylate Crosspolymer-6, Niacinamide, Tocopheryl Acetate, Polyglyceryl-6 Laurate, Acacia Senegal Gum, 1,2-Hexanediol, Caprylyl Glycol, Xanthan Gum, [&hellip;]<\/p>\n","protected":false},"featured_media":723,"template":"","meta":[],"product_brand":[],"product_cat":[40],"product_tag":[],"class_list":{"0":"post-683","1":"product","2":"type-product","3":"status-publish","4":"has-post-thumbnail","6":"product_cat-solaire","8":"first","9":"instock","10":"shipping-taxable","11":"purchasable","12":"product-type-simple"},"_links":{"self":[{"href":"https:\/\/objectifsante.apsagir.com\/index.php\/wp-json\/wp\/v2\/product\/683","targetHints":{"allow":["GET"]}}],"collection":[{"href":"https:\/\/objectifsante.apsagir.com\/index.php\/wp-json\/wp\/v2\/product"}],"about":[{"href":"https:\/\/objectifsante.apsagir.com\/index.php\/wp-json\/wp\/v2\/types\/product"}],"wp:featuredmedia":[{"embeddable":true,"href":"https:\/\/objectifsante.apsagir.com\/index.php\/wp-json\/wp\/v2\/media\/723"}],"wp:attachment":[{"href":"https:\/\/objectifsante.apsagir.com\/index.php\/wp-json\/wp\/v2\/media?parent=683"}],"wp:term":[{"taxonomy":"product_brand","embeddable":true,"href":"https:\/\/objectifsante.apsagir.com\/index.php\/wp-json\/wp\/v2\/product_brand?post=683"},{"taxonomy":"product_cat","embeddable":true,"href":"https:\/\/objectifsante.apsagir.com\/index.php\/wp-json\/wp\/v2\/product_cat?post=683"},{"taxonomy":"product_tag","embeddable":true,"href":"https:\/\/objectifsante.apsagir.com\/index.php\/wp-json\/wp\/v2\/product_tag?post=683"}],"curies":[{"name":"wp","href":"https:\/\/api.w.org\/{rel}","templated":true}]}}